{"id":8716,"date":"2025-12-09T11:48:22","date_gmt":"2025-12-09T11:48:22","guid":{"rendered":"https:\/\/bundesbiker.com\/?page_id=8716"},"modified":"2025-12-09T11:48:36","modified_gmt":"2025-12-09T11:48:36","slug":"home-weihnachten","status":"publish","type":"page","link":"https:\/\/bundesbiker.com\/","title":{"rendered":"Home-Weihnachten"},"content":{"rendered":"\t\t<div data-elementor-type=\"wp-page\" data-elementor-id=\"8716\" class=\"elementor elementor-8716\" data-elementor-post-type=\"page\">\n\t\t\t\t\t\t<section class=\"elementor-section elementor-top-section elementor-element elementor-element-c50838b elementor-section-boxed elementor-section-height-default elementor-section-height-default\" data-id=\"c50838b\" data-element_type=\"section\" data-settings=\"{&quot;background_background&quot;:&quot;video&quot;,&quot;background_video_link&quot;:&quot;https:\\\/\\\/bundesbiker.com\\\/wp-content\\\/uploads\\\/2022\\\/10\\\/Bundesbiker-576-wo-audio.mp4&quot;,&quot;background_video_start&quot;:4,&quot;background_video_end&quot;:52,&quot;background_play_on_mobile&quot;:&quot;yes&quot;}\">\n\t\t\t\t\t\t\t\t<div class=\"elementor-background-video-container\" aria-hidden=\"true\">\n\t\t\t\t\t\t\t\t\t\t\t\t\t<video class=\"elementor-background-video-hosted\" autoplay muted playsinline loop><\/video>\n\t\t\t\t\t\t\t\t\t\t\t<\/div>\n\t\t\t\t\t\t\t\t\t<div class=\"elementor-background-overlay\"><\/div>\n\t\t\t\t\t\t\t<div class=\"elementor-container elementor-column-gap-default\">\n\t\t\t\t\t<div class=\"elementor-column elementor-col-100 elementor-top-column elementor-element elementor-element-55b0429\" data-id=\"55b0429\" data-element_type=\"column\">\n\t\t\t<div class=\"elementor-widget-wrap elementor-element-populated\">\n\t\t\t\t\t\t<div class=\"elementor-element elementor-element-3428592 elementor-widget elementor-widget-heading\" data-id=\"3428592\" data-element_type=\"widget\" data-widget_type=\"heading.default\">\n\t\t\t\t<div class=\"elementor-widget-container\">\n\t\t\t\t\t<h3 class=\"elementor-heading-title elementor-size-default\">Herzlich Willkommen<\/h3>\t\t\t\t<\/div>\n\t\t\t\t<\/div>\n\t\t\t\t<div class=\"elementor-element elementor-element-92570e2 elementor-widget-divider--view-line elementor-widget elementor-widget-divider\" data-id=\"92570e2\" data-element_type=\"widget\" data-widget_type=\"divider.default\">\n\t\t\t\t<div class=\"elementor-widget-container\">\n\t\t\t\t\t\t\t<div class=\"elementor-divider\">\n\t\t\t<span class=\"elementor-divider-separator\">\n\t\t\t\t\t\t<\/span>\n\t\t<\/div>\n\t\t\t\t\t\t<\/div>\n\t\t\t\t<\/div>\n\t\t\t\t<div class=\"elementor-element elementor-element-453e782 elementor-widget elementor-widget-heading\" data-id=\"453e782\" data-element_type=\"widget\" data-widget_type=\"heading.default\">\n\t\t\t\t<div class=\"elementor-widget-container\">\n\t\t\t\t\t<h1 class=\"elementor-heading-title elementor-size-default\">Motorsportgruppe des Bundes e.V.<\/h1>\t\t\t\t<\/div>\n\t\t\t\t<\/div>\n\t\t\t\t\t<\/div>\n\t\t<\/div>\n\t\t\t\t\t<\/div>\n\t\t<\/section>\n\t\t\t\t<section class=\"elementor-section elementor-top-section elementor-element elementor-element-0bd609c elementor-section-boxed elementor-section-height-default elementor-section-height-default\" data-id=\"0bd609c\" data-element_type=\"section\">\n\t\t\t\t\t\t<div class=\"elementor-container elementor-column-gap-default\">\n\t\t\t\t\t<div class=\"elementor-column elementor-col-100 elementor-top-column elementor-element elementor-element-f168181\" data-id=\"f168181\" data-element_type=\"column\">\n\t\t\t<div class=\"elementor-widget-wrap elementor-element-populated\">\n\t\t\t\t\t\t<section class=\"elementor-section elementor-inner-section elementor-element elementor-element-9dd692f elementor-section-boxed elementor-section-height-default elementor-section-height-default\" data-id=\"9dd692f\" data-element_type=\"section\">\n\t\t\t\t\t\t<div class=\"elementor-container elementor-column-gap-default\">\n\t\t\t\t\t<div class=\"elementor-column elementor-col-50 elementor-inner-column elementor-element elementor-element-b674009\" data-id=\"b674009\" data-element_type=\"column\">\n\t\t\t<div class=\"elementor-widget-wrap elementor-element-populated\">\n\t\t\t\t\t\t<div class=\"elementor-element elementor-element-3408691 elementor-widget elementor-widget-text-editor\" data-id=\"3408691\" data-element_type=\"widget\" data-widget_type=\"text-editor.default\">\n\t\t\t\t<div class=\"elementor-widget-container\">\n\t\t\t\t\t\t\t\t\t<p data-wp-editing=\"1\"><a href=\"#marker1\"><img decoding=\"async\" class=\"aligncenter wp-image-7884\" src=\"https:\/\/bundesbiker.com\/wp-content\/uploads\/2022\/12\/icon-arrow-down-157360-150x150-grey-1.png\" alt=\"\" width=\"50\" height=\"50\" \/><\/a><\/p>\t\t\t\t\t\t\t\t<\/div>\n\t\t\t\t<\/div>\n\t\t\t\t\t<\/div>\n\t\t<\/div>\n\t\t\t\t<div class=\"elementor-column elementor-col-50 elementor-inner-column elementor-element elementor-element-f391fda\" data-id=\"f391fda\" data-element_type=\"column\">\n\t\t\t<div class=\"elementor-widget-wrap elementor-element-populated\">\n\t\t\t\t\t\t<div class=\"elementor-element elementor-element-4cc226a elementor-widget elementor-widget-text-editor\" data-id=\"4cc226a\" data-element_type=\"widget\" data-widget_type=\"text-editor.default\">\n\t\t\t\t<div class=\"elementor-widget-container\">\n\t\t\t\t\t\t\t\t\t<p data-wp-editing=\"1\"><a href=\"https:\/\/bundesbiker.com\/?page_id=1481\"><img decoding=\"async\" class=\"aligncenter wp-image-7884\" src=\"https:\/\/bundesbiker.com\/wp-content\/uploads\/2023\/07\/newspaper-outline-grey.png\" alt=\"\" width=\"50\" height=\"50\" \/><\/a><\/p>\t\t\t\t\t\t\t\t<\/div>\n\t\t\t\t<\/div>\n\t\t\t\t\t<\/div>\n\t\t<\/div>\n\t\t\t\t\t<\/div>\n\t\t<\/section>\n\t\t\t\t\t<\/div>\n\t\t<\/div>\n\t\t\t\t\t<\/div>\n\t\t<\/section>\n\t\t\t\t<section class=\"elementor-section elementor-top-section elementor-element elementor-element-90f9bed elementor-section-boxed elementor-section-height-default elementor-section-height-default\" data-id=\"90f9bed\" data-element_type=\"section\">\n\t\t\t\t\t\t<div class=\"elementor-container elementor-column-gap-default\">\n\t\t\t\t\t<div class=\"elementor-column elementor-col-100 elementor-top-column elementor-element elementor-element-46f6438\" data-id=\"46f6438\" data-element_type=\"column\">\n\t\t\t<div class=\"elementor-widget-wrap elementor-element-populated\">\n\t\t\t\t\t\t<div class=\"elementor-element elementor-element-8e59bb8 elementor-widget elementor-widget-image\" data-id=\"8e59bb8\" data-element_type=\"widget\" data-widget_type=\"image.default\">\n\t\t\t\t<div class=\"elementor-widget-container\">\n\t\t\t\t\t\t\t\t\t\t\t\t\t\t\t<img fetchpriority=\"high\" decoding=\"async\" width=\"868\" height=\"1024\" src=\"https:\/\/bundesbiker.com\/wp-content\/uploads\/2025\/12\/07DDA859-A7E4-4270-8A98-C2F384EDA51D-868x1024.jpeg\" class=\"attachment-large size-large wp-image-9128\" alt=\"\" srcset=\"https:\/\/bundesbiker.com\/wp-content\/uploads\/2025\/12\/07DDA859-A7E4-4270-8A98-C2F384EDA51D-868x1024.jpeg 868w, https:\/\/bundesbiker.com\/wp-content\/uploads\/2025\/12\/07DDA859-A7E4-4270-8A98-C2F384EDA51D-254x300.jpeg 254w, https:\/\/bundesbiker.com\/wp-content\/uploads\/2025\/12\/07DDA859-A7E4-4270-8A98-C2F384EDA51D-768x906.jpeg 768w, https:\/\/bundesbiker.com\/wp-content\/uploads\/2025\/12\/07DDA859-A7E4-4270-8A98-C2F384EDA51D-1303x1536.jpeg 1303w, https:\/\/bundesbiker.com\/wp-content\/uploads\/2025\/12\/07DDA859-A7E4-4270-8A98-C2F384EDA51D-1737x2048.jpeg 1737w\" sizes=\"(max-width: 868px) 100vw, 868px\" \/>\t\t\t\t\t\t\t\t\t\t\t\t\t\t\t<\/div>\n\t\t\t\t<\/div>\n\t\t\t\t\t<\/div>\n\t\t<\/div>\n\t\t\t\t\t<\/div>\n\t\t<\/section>\n\t\t\t\t<section class=\"elementor-section elementor-top-section elementor-element elementor-element-01ffef0 elementor-section-boxed elementor-section-height-default elementor-section-height-default\" data-id=\"01ffef0\" data-element_type=\"section\" id=\"marker1\">\n\t\t\t\t\t\t<div class=\"elementor-container elementor-column-gap-default\">\n\t\t\t\t\t<div class=\"elementor-column elementor-col-100 elementor-top-column elementor-element elementor-element-0aa0836\" data-id=\"0aa0836\" data-element_type=\"column\">\n\t\t\t<div class=\"elementor-widget-wrap elementor-element-populated\">\n\t\t\t\t\t\t<div class=\"elementor-element elementor-element-e5e7443 elementor-widget elementor-widget-heading\" data-id=\"e5e7443\" data-element_type=\"widget\" data-widget_type=\"heading.default\">\n\t\t\t\t<div class=\"elementor-widget-container\">\n\t\t\t\t\t<h2 class=\"elementor-heading-title elementor-size-default\">Freundschaftsfahrten<\/h2>\t\t\t\t<\/div>\n\t\t\t\t<\/div>\n\t\t\t\t<div class=\"elementor-element elementor-element-151b4b0 elementor-widget-divider--view-line elementor-widget elementor-widget-divider\" data-id=\"151b4b0\" data-element_type=\"widget\" data-widget_type=\"divider.default\">\n\t\t\t\t<div class=\"elementor-widget-container\">\n\t\t\t\t\t\t\t<div class=\"elementor-divider\">\n\t\t\t<span class=\"elementor-divider-separator\">\n\t\t\t\t\t\t<\/span>\n\t\t<\/div>\n\t\t\t\t\t\t<\/div>\n\t\t\t\t<\/div>\n\t\t\t\t<section class=\"elementor-section elementor-inner-section elementor-element elementor-element-5415cda elementor-section-boxed elementor-section-height-default elementor-section-height-default\" data-id=\"5415cda\" data-element_type=\"section\">\n\t\t\t\t\t\t<div class=\"elementor-container elementor-column-gap-default\">\n\t\t\t\t\t<div class=\"elementor-column elementor-col-50 elementor-inner-column elementor-element elementor-element-2c614c4\" data-id=\"2c614c4\" data-element_type=\"column\">\n\t\t\t<div class=\"elementor-widget-wrap elementor-element-populated\">\n\t\t\t\t\t\t<div class=\"elementor-element elementor-element-ba141ea elementor-widget elementor-widget-image-box\" data-id=\"ba141ea\" data-element_type=\"widget\" data-widget_type=\"image-box.default\">\n\t\t\t\t<div class=\"elementor-widget-container\">\n\t\t\t\t\t<div class=\"elementor-image-box-wrapper\"><div class=\"elementor-image-box-content\"><h5 class=\"elementor-image-box-title\">Freundschaftsfahrten<\/h5><p class=\"elementor-image-box-description\">Eine \u00dcbersicht der Freundschaftsfahrten der Bundesbiker<\/p><\/div><\/div>\t\t\t\t<\/div>\n\t\t\t\t<\/div>\n\t\t\t\t<div class=\"elementor-element elementor-element-4cc62c7 elementor-align-center elementor-widget elementor-widget-button\" data-id=\"4cc62c7\" data-element_type=\"widget\" data-widget_type=\"button.default\">\n\t\t\t\t<div class=\"elementor-widget-container\">\n\t\t\t\t\t\t\t\t\t<div class=\"elementor-button-wrapper\">\n\t\t\t\t\t<a class=\"elementor-button elementor-button-link elementor-size-sm\" href=\"https:\/\/bundesbiker.com\/?page_id=1906\">\n\t\t\t\t\t\t<span class=\"elementor-button-content-wrapper\">\n\t\t\t\t\t\t<span class=\"elementor-button-icon\">\n\t\t\t\t<i aria-hidden=\"true\" class=\"fas fa-long-arrow-alt-right\"><\/i>\t\t\t<\/span>\n\t\t\t\t\t\t\t\t\t<span class=\"elementor-button-text\">weitere infos<\/span>\n\t\t\t\t\t<\/span>\n\t\t\t\t\t<\/a>\n\t\t\t\t<\/div>\n\t\t\t\t\t\t\t\t<\/div>\n\t\t\t\t<\/div>\n\t\t\t\t\t<\/div>\n\t\t<\/div>\n\t\t\t\t<div class=\"elementor-column elementor-col-50 elementor-inner-column elementor-element elementor-element-1aaf044\" data-id=\"1aaf044\" data-element_type=\"column\">\n\t\t\t<div class=\"elementor-widget-wrap elementor-element-populated\">\n\t\t\t\t\t\t<div class=\"elementor-element elementor-element-0cc4d06 elementor-widget elementor-widget-image\" data-id=\"0cc4d06\" data-element_type=\"widget\" data-widget_type=\"image.default\">\n\t\t\t\t<div class=\"elementor-widget-container\">\n\t\t\t\t\t\t\t\t\t\t\t\t\t\t\t<img loading=\"lazy\" decoding=\"async\" width=\"1280\" height=\"960\" src=\"https:\/\/bundesbiker.com\/wp-content\/uploads\/2022\/06\/image-5.jpeg\" class=\"attachment-full size-full wp-image-1374\" alt=\"\" srcset=\"https:\/\/bundesbiker.com\/wp-content\/uploads\/2022\/06\/image-5.jpeg 1280w, https:\/\/bundesbiker.com\/wp-content\/uploads\/2022\/06\/image-5-300x225.jpeg 300w, https:\/\/bundesbiker.com\/wp-content\/uploads\/2022\/06\/image-5-1024x768.jpeg 1024w, https:\/\/bundesbiker.com\/wp-content\/uploads\/2022\/06\/image-5-768x576.jpeg 768w\" sizes=\"(max-width: 1280px) 100vw, 1280px\" \/>\t\t\t\t\t\t\t\t\t\t\t\t\t\t\t<\/div>\n\t\t\t\t<\/div>\n\t\t\t\t\t<\/div>\n\t\t<\/div>\n\t\t\t\t\t<\/div>\n\t\t<\/section>\n\t\t\t\t\t<\/div>\n\t\t<\/div>\n\t\t\t\t\t<\/div>\n\t\t<\/section>\n\t\t\t\t<section class=\"elementor-section elementor-top-section elementor-element elementor-element-26abbde elementor-section-boxed elementor-section-height-default elementor-section-height-default\" data-id=\"26abbde\" data-element_type=\"section\" data-settings=\"{&quot;background_background&quot;:&quot;classic&quot;}\">\n\t\t\t\t\t\t<div class=\"elementor-container elementor-column-gap-default\">\n\t\t\t\t\t<div class=\"elementor-column elementor-col-100 elementor-top-column elementor-element elementor-element-672dbed\" data-id=\"672dbed\" data-element_type=\"column\">\n\t\t\t<div class=\"elementor-widget-wrap elementor-element-populated\">\n\t\t\t\t\t\t<div class=\"elementor-element elementor-element-5376b82 elementor-widget elementor-widget-heading\" data-id=\"5376b82\" data-element_type=\"widget\" data-widget_type=\"heading.default\">\n\t\t\t\t<div class=\"elementor-widget-container\">\n\t\t\t\t\t<h2 class=\"elementor-heading-title elementor-size-default\">Herbsttouren<\/h2>\t\t\t\t<\/div>\n\t\t\t\t<\/div>\n\t\t\t\t<div class=\"elementor-element elementor-element-44e8b71 elementor-widget-divider--view-line elementor-widget elementor-widget-divider\" data-id=\"44e8b71\" data-element_type=\"widget\" data-widget_type=\"divider.default\">\n\t\t\t\t<div class=\"elementor-widget-container\">\n\t\t\t\t\t\t\t<div class=\"elementor-divider\">\n\t\t\t<span class=\"elementor-divider-separator\">\n\t\t\t\t\t\t<\/span>\n\t\t<\/div>\n\t\t\t\t\t\t<\/div>\n\t\t\t\t<\/div>\n\t\t\t\t<section class=\"elementor-section elementor-inner-section elementor-element elementor-element-e8c4db4 elementor-section-boxed elementor-section-height-default elementor-section-height-default\" data-id=\"e8c4db4\" data-element_type=\"section\">\n\t\t\t\t\t\t<div class=\"elementor-container elementor-column-gap-default\">\n\t\t\t\t\t<div class=\"elementor-column elementor-col-50 elementor-inner-column elementor-element elementor-element-5dbc1bb\" data-id=\"5dbc1bb\" data-element_type=\"column\">\n\t\t\t<div class=\"elementor-widget-wrap elementor-element-populated\">\n\t\t\t\t\t\t<div class=\"elementor-element elementor-element-d61a1df elementor-widget elementor-widget-image\" data-id=\"d61a1df\" data-element_type=\"widget\" data-widget_type=\"image.default\">\n\t\t\t\t<div class=\"elementor-widget-container\">\n\t\t\t\t\t\t\t\t\t\t\t\t\t\t\t<img loading=\"lazy\" decoding=\"async\" width=\"768\" height=\"576\" src=\"https:\/\/bundesbiker.com\/wp-content\/uploads\/2022\/07\/20170912_135728_800-768x576.jpg\" class=\"attachment-medium_large size-medium_large wp-image-2192\" alt=\"\" srcset=\"https:\/\/bundesbiker.com\/wp-content\/uploads\/2022\/07\/20170912_135728_800-768x576.jpg 768w, https:\/\/bundesbiker.com\/wp-content\/uploads\/2022\/07\/20170912_135728_800-300x225.jpg 300w, https:\/\/bundesbiker.com\/wp-content\/uploads\/2022\/07\/20170912_135728_800.jpg 800w\" sizes=\"(max-width: 768px) 100vw, 768px\" \/>\t\t\t\t\t\t\t\t\t\t\t\t\t\t\t<\/div>\n\t\t\t\t<\/div>\n\t\t\t\t\t<\/div>\n\t\t<\/div>\n\t\t\t\t<div class=\"elementor-column elementor-col-50 elementor-inner-column elementor-element elementor-element-2e68849\" data-id=\"2e68849\" data-element_type=\"column\">\n\t\t\t<div class=\"elementor-widget-wrap elementor-element-populated\">\n\t\t\t\t\t\t<div class=\"elementor-element elementor-element-2c790c8 elementor-widget elementor-widget-heading\" data-id=\"2c790c8\" data-element_type=\"widget\" data-widget_type=\"heading.default\">\n\t\t\t\t<div class=\"elementor-widget-container\">\n\t\t\t\t\t<h2 class=\"elementor-heading-title elementor-size-medium\">Herbsttouren<\/h2>\t\t\t\t<\/div>\n\t\t\t\t<\/div>\n\t\t\t\t<div class=\"elementor-element elementor-element-b0f9d51 elementor-widget elementor-widget-text-editor\" data-id=\"b0f9d51\" data-element_type=\"widget\" data-widget_type=\"text-editor.default\">\n\t\t\t\t<div class=\"elementor-widget-container\">\n\t\t\t\t\t\t\t\t\t<p style=\"text-align: left;\">Hier finden Sie einen \u00dcberblick \u00fcber die Herbsttouren der Bundesbiker<\/p><div id=\"highlighter--hover-tools\" style=\"display: none;\"><div id=\"highlighter--hover-tools--container\"><div class=\"highlighter--icon highlighter--icon-copy\" title=\"Copy\">\u00a0<\/div><div class=\"highlighter--icon highlighter--icon-change-color\" title=\"Change Color\">\u00a0<\/div><div class=\"highlighter--icon highlighter--icon-delete\" title=\"Delete\">\u00a0<\/div><\/div><\/div><div id=\"highlighter--hover-tools\" style=\"display: none;\"><div id=\"highlighter--hover-tools--container\"><div class=\"highlighter--icon highlighter--icon-copy\" title=\"Copy\">\u00a0<\/div><div class=\"highlighter--icon highlighter--icon-change-color\" title=\"Change Color\">\u00a0<\/div><div class=\"highlighter--icon highlighter--icon-delete\" title=\"Delete\">\u00a0<\/div><\/div><\/div><div id=\"highlighter--hover-tools\" style=\"display: none;\"><div id=\"highlighter--hover-tools--container\"><div class=\"highlighter--icon highlighter--icon-copy\" title=\"Copy\">\u00a0<\/div><div class=\"highlighter--icon highlighter--icon-change-color\" title=\"Change Color\">\u00a0<\/div><div class=\"highlighter--icon highlighter--icon-delete\" title=\"Delete\">\u00a0<\/div><\/div><\/div><div id=\"highlighter--hover-tools\" style=\"display: none;\"><div id=\"highlighter--hover-tools--container\"><div class=\"highlighter--icon highlighter--icon-copy\" title=\"Copy\">\u00a0<\/div><div class=\"highlighter--icon highlighter--icon-change-color\" title=\"Change Color\">\u00a0<\/div><div class=\"highlighter--icon highlighter--icon-delete\" title=\"Delete\">\u00a0<\/div><\/div><\/div><div id=\"highlighter--hover-tools\" style=\"display: none;\"><div id=\"highlighter--hover-tools--container\"><div class=\"highlighter--icon highlighter--icon-copy\" title=\"Copy\">\u00a0<\/div><div class=\"highlighter--icon highlighter--icon-change-color\" title=\"Change Color\">\u00a0<\/div><div class=\"highlighter--icon highlighter--icon-delete\" title=\"Delete\">\u00a0<\/div><\/div><\/div>\t\t\t\t\t\t\t\t<\/div>\n\t\t\t\t<\/div>\n\t\t\t\t<div class=\"elementor-element elementor-element-6c5c251 elementor-align-center elementor-mobile-align-center elementor-widget elementor-widget-button\" data-id=\"6c5c251\" data-element_type=\"widget\" data-widget_type=\"button.default\">\n\t\t\t\t<div class=\"elementor-widget-container\">\n\t\t\t\t\t\t\t\t\t<div class=\"elementor-button-wrapper\">\n\t\t\t\t\t<a class=\"elementor-button elementor-button-link elementor-size-sm\" href=\"https:\/\/bundesbiker.com\/?page_id=2260\">\n\t\t\t\t\t\t<span class=\"elementor-button-content-wrapper\">\n\t\t\t\t\t\t<span class=\"elementor-button-icon\">\n\t\t\t\t<i aria-hidden=\"true\" class=\"fas fa-long-arrow-alt-right\"><\/i>\t\t\t<\/span>\n\t\t\t\t\t\t\t\t\t<span class=\"elementor-button-text\">weitere infos<\/span>\n\t\t\t\t\t<\/span>\n\t\t\t\t\t<\/a>\n\t\t\t\t<\/div>\n\t\t\t\t\t\t\t\t<\/div>\n\t\t\t\t<\/div>\n\t\t\t\t\t<\/div>\n\t\t<\/div>\n\t\t\t\t\t<\/div>\n\t\t<\/section>\n\t\t\t\t\t<\/div>\n\t\t<\/div>\n\t\t\t\t\t<\/div>\n\t\t<\/section>\n\t\t\t\t<\/div>\n\t\t","protected":false},"excerpt":{"rendered":"<p>Herzlich Willkommen Motorsportgruppe des Bundes e.V. &#8222;Motorradfahren hebt Grenzen auf. Mensch und Maschine, Natur und Technik, alles wird eins.&#8220; &#8211; Hubert Hirsch &#8211; Freundschaftsfahrten Freundschaftsfahrten Eine \u00dcbersicht der Freundschaftsfahrten der Bundesbiker weitere infos Herbsttouren Herbsttouren Hier finden Sie einen \u00dcberblick \u00fcber die Herbsttouren der Bundesbiker \u00a0\u00a0\u00a0\u00a0\u00a0\u00a0\u00a0\u00a0\u00a0\u00a0\u00a0\u00a0\u00a0\u00a0\u00a0 weitere infos<\/p>\n","protected":false},"author":3,"featured_media":0,"parent":0,"menu_order":0,"comment_status":"closed","ping_status":"closed","template":"","meta":{"site-sidebar-layout":"no-sidebar","site-content-layout":"page-builder","ast-site-content-layout":"full-width-container","site-content-style":"unboxed","site-sidebar-style":"unboxed","ast-global-header-display":"","ast-banner-title-visibility":"","ast-main-header-display":"","ast-hfb-above-header-display":"","ast-hfb-below-header-display":"","ast-hfb-mobile-header-display":"","site-post-title":"disabled","ast-breadcrumbs-content":"","ast-featured-img":"disabled","footer-sml-layout":"","ast-disable-related-posts":"","theme-transparent-header-meta":"enabled","adv-header-id-meta":"","stick-header-meta":"","header-above-stick-meta":"","header-main-stick-meta":"","header-below-stick-meta":"","astra-migrate-meta-layouts":"set","ast-page-background-enabled":"default","ast-page-background-meta":{"desktop":{"background-color":"","background-image":"","background-repeat":"repeat","background-position":"center center","background-size":"auto","background-attachment":"scroll","background-type":"","background-media":"","overlay-type":"","overlay-color":"","overlay-opacity":"","overlay-gradient":""},"tablet":{"background-color":"","background-image":"","background-repeat":"repeat","background-position":"center center","background-size":"auto","background-attachment":"scroll","background-type":"","background-media":"","overlay-type":"","overlay-color":"","overlay-opacity":"","overlay-gradient":""},"mobile":{"background-color":"","background-image":"","background-repeat":"repeat","background-position":"center center","background-size":"auto","background-attachment":"scroll","background-type":"","background-media":"","overlay-type":"","overlay-color":"","overlay-opacity":"","overlay-gradient":""}},"ast-content-background-meta":{"desktop":{"background-color":"var(--ast-global-color-5)","background-image":"","background-repeat":"repeat","background-position":"center center","background-size":"auto","background-attachment":"scroll","background-type":"","background-media":"","overlay-type":"","overlay-color":"","overlay-opacity":"","overlay-gradient":""},"tablet":{"background-color":"var(--ast-global-color-5)","background-image":"","background-repeat":"repeat","background-position":"center center","background-size":"auto","background-attachment":"scroll","background-type":"","background-media":"","overlay-type":"","overlay-color":"","overlay-opacity":"","overlay-gradient":""},"mobile":{"background-color":"var(--ast-global-color-5)","background-image":"","background-repeat":"repeat","background-position":"center center","background-size":"auto","background-attachment":"scroll","background-type":"","background-media":"","overlay-type":"","overlay-color":"","overlay-opacity":"","overlay-gradient":""}},"footnotes":""},"folder":[],"class_list":["post-8716","page","type-page","status-publish","hentry"],"_links":{"self":[{"href":"https:\/\/bundesbiker.com\/index.php?rest_route=\/wp\/v2\/pages\/8716","targetHints":{"allow":["GET"]}}],"collection":[{"href":"https:\/\/bundesbiker.com\/index.php?rest_route=\/wp\/v2\/pages"}],"about":[{"href":"https:\/\/bundesbiker.com\/index.php?rest_route=\/wp\/v2\/types\/page"}],"author":[{"embeddable":true,"href":"https:\/\/bundesbiker.com\/index.php?rest_route=\/wp\/v2\/users\/3"}],"replies":[{"embeddable":true,"href":"https:\/\/bundesbiker.com\/index.php?rest_route=%2Fwp%2Fv2%2Fcomments&post=8716"}],"version-history":[{"count":3,"href":"https:\/\/bundesbiker.com\/index.php?rest_route=\/wp\/v2\/pages\/8716\/revisions"}],"predecessor-version":[{"id":9131,"href":"https:\/\/bundesbiker.com\/index.php?rest_route=\/wp\/v2\/pages\/8716\/revisions\/9131"}],"wp:attachment":[{"href":"https:\/\/bundesbiker.com\/index.php?rest_route=%2Fwp%2Fv2%2Fmedia&parent=8716"}],"wp:term":[{"taxonomy":"folder","embeddable":true,"href":"https:\/\/bundesbiker.com\/index.php?rest_route=%2Fwp%2Fv2%2Ffolder&post=8716"}],"curies":[{"name":"wp","href":"https:\/\/api.w.org\/{rel}","templated":true}]}}