{"id":1473,"date":"2022-06-29T07:30:52","date_gmt":"2022-06-29T07:30:52","guid":{"rendered":"https:\/\/dev.bundesbiker.com\/?page_id=1473"},"modified":"2022-12-08T10:31:16","modified_gmt":"2022-12-08T10:31:16","slug":"ueber-uns","status":"publish","type":"page","link":"https:\/\/bundesbiker.com\/?page_id=1473","title":{"rendered":"\u00dcber uns"},"content":{"rendered":"\t\t<div data-elementor-type=\"wp-post\" data-elementor-id=\"1473\" class=\"elementor elementor-1473\" data-elementor-post-type=\"page\">\n\t\t\t\t\t\t<section class=\"elementor-section elementor-top-section elementor-element elementor-element-d7d8b56 elementor-section-boxed elementor-section-height-default elementor-section-height-default\" data-id=\"d7d8b56\" data-element_type=\"section\" data-settings=\"{&quot;background_background&quot;:&quot;classic&quot;}\">\n\t\t\t\t\t\t\t<div class=\"elementor-background-overlay\"><\/div>\n\t\t\t\t\t\t\t<div class=\"elementor-container elementor-column-gap-default\">\n\t\t\t\t\t<div class=\"elementor-column elementor-col-100 elementor-top-column elementor-element elementor-element-fd69444\" data-id=\"fd69444\" data-element_type=\"column\">\n\t\t\t<div class=\"elementor-widget-wrap elementor-element-populated\">\n\t\t\t\t\t\t<div class=\"elementor-element elementor-element-abcc2f2 elementor-widget elementor-widget-heading\" data-id=\"abcc2f2\" data-element_type=\"widget\" data-widget_type=\"heading.default\">\n\t\t\t\t<div class=\"elementor-widget-container\">\n\t\t\t\t\t<h2 class=\"elementor-heading-title elementor-size-default\">Willkommen bei der <br \/>Motorsportgruppe des Bundes e.V.<\/h2>\t\t\t\t<\/div>\n\t\t\t\t<\/div>\n\t\t\t\t\t<\/div>\n\t\t<\/div>\n\t\t\t\t\t<\/div>\n\t\t<\/section>\n\t\t\t\t<section class=\"elementor-section elementor-top-section elementor-element elementor-element-bf35fcc elementor-section-boxed elementor-section-height-default elementor-section-height-default\" data-id=\"bf35fcc\" data-element_type=\"section\">\n\t\t\t\t\t\t<div class=\"elementor-container elementor-column-gap-default\">\n\t\t\t\t\t<div class=\"elementor-column elementor-col-100 elementor-top-column elementor-element elementor-element-43e94e8\" data-id=\"43e94e8\" data-element_type=\"column\">\n\t\t\t<div class=\"elementor-widget-wrap elementor-element-populated\">\n\t\t\t\t\t\t<div class=\"elementor-element elementor-element-dc52e14 elementor-widget elementor-widget-heading\" data-id=\"dc52e14\" data-element_type=\"widget\" data-widget_type=\"heading.default\">\n\t\t\t\t<div class=\"elementor-widget-container\">\n\t\t\t\t\t<h2 class=\"elementor-heading-title elementor-size-default\">\u00dcber uns<\/h2>\t\t\t\t<\/div>\n\t\t\t\t<\/div>\n\t\t\t\t<div class=\"elementor-element elementor-element-d174818 elementor-widget elementor-widget-image\" data-id=\"d174818\" data-element_type=\"widget\" data-widget_type=\"image.default\">\n\t\t\t\t<div class=\"elementor-widget-container\">\n\t\t\t\t\t\t\t\t\t\t\t\t\t\t\t<img fetchpriority=\"high\" decoding=\"async\" width=\"768\" height=\"576\" src=\"https:\/\/bundesbiker.com\/wp-content\/uploads\/2022\/07\/8b662d45-b4a0-4dfe-a2aa-dbe11682068b.jpeg\" class=\"attachment-large size-large wp-image-2846\" alt=\"\" srcset=\"https:\/\/bundesbiker.com\/wp-content\/uploads\/2022\/07\/8b662d45-b4a0-4dfe-a2aa-dbe11682068b.jpeg 768w, https:\/\/bundesbiker.com\/wp-content\/uploads\/2022\/07\/8b662d45-b4a0-4dfe-a2aa-dbe11682068b-300x225.jpeg 300w\" sizes=\"(max-width: 768px) 100vw, 768px\" \/>\t\t\t\t\t\t\t\t\t\t\t\t\t\t\t<\/div>\n\t\t\t\t<\/div>\n\t\t\t\t<div class=\"elementor-element elementor-element-47e131d elementor-widget elementor-widget-text-editor\" data-id=\"47e131d\" data-element_type=\"widget\" data-widget_type=\"text-editor.default\">\n\t\t\t\t<div class=\"elementor-widget-container\">\n\t\t\t\t\t\t\t\t\t<p>Gr\u00fcndungsmitglieder\u00a0von links nach rechts:<br \/>Dr. Jens Thau, Burkhard Alberternst, Olaf L\u00fcdtke, Thomas Pfl\u00fcger, Dr. Hans-Joachim Stelzl, Martin Grein, Frank Radloff<\/p>\t\t\t\t\t\t\t\t<\/div>\n\t\t\t\t<\/div>\n\t\t\t\t<div class=\"elementor-element elementor-element-2c68ff3 elementor-widget elementor-widget-text-editor\" data-id=\"2c68ff3\" data-element_type=\"widget\" data-widget_type=\"text-editor.default\">\n\t\t\t\t<div class=\"elementor-widget-container\">\n\t\t\t\t\t\t\t\t\t<h3>Herzlich Willkommen bei den&nbsp;Bundesbikern &#8211; Motorsportgruppe des Bundes e.V.<\/h3>\n<p>Wir sind nicht nur Mitarbeiterinnen und Mitarbeiter, Beamtinnen und Beamte aus den verschiedensten Bereichen und Ebenen des Regierungsapperates&nbsp;des Bundes und deren nachgeordneten Bereichen, sowie der L\u00e4nder und deren kommunalen Bereichen, sondern auch aus Organisationen und anderen Unternehmungen<br>und haben uns neben unseren beruflichen Aufgaben, allen Themen rund um das Motorradfahren verschrieben.<\/p>\n<p>Unsere organisierten Motorradtouren f\u00fchrten und f\u00fchren uns durch Europa &#8211; von Schweden bis nach Italien, von Frankreich bis nach Polen &#8211; und wir sehen uns dabei als Botschafter f\u00fcr den europ\u00e4isch-solidarischen Gedanken, eine gemeinsame und kollegiale Teilnahme am Stra\u00dfenverkehr und nationen\u00fcbergreifende Verst\u00e4ndigung in Sachen Motorradfahren.<\/p>\n<p>Wir organisieren f\u00fcr unsere Mitglieder europaweit mehrt\u00e4gige Ziel- und Orientierungsfahrten.<br>Wir unterst\u00fctzen dabei international soziale Projekte und Einrichtungen.<br>Wir f\u00f6rdern Aktivit\u00e4ten zur Verringerung der Gefahren f\u00fcr Motorradfahrer.<br>Wir setzen uns ein, f\u00fcr das sichere und risikofreie Motorradfahren von 16 bis ins hohe Alter.<br>Wer unsere Ziele ebenso leidenschaftlich leben m\u00f6chte, ist bei uns herzlich willkommen.<\/p>\n<p>Der Vorsitzende<br><span style=\"font-style: inherit; font-weight: inherit; color: var(--ast-global-color-3);\">Olaf L\u00fcdtke<\/span><\/p>\n<div style=\"display: none;\">\n<div>\n<div title=\"Copy\">&nbsp;<\/div>\n<div title=\"Change Color\">&nbsp;<\/div>\n<div title=\"Delete\">&nbsp;<\/div>\n<\/div>\n<\/div>\n<div style=\"display: none;\">\n<div>\n<div title=\"Copy\">&nbsp;<\/div>\n<div title=\"Change Color\">&nbsp;<\/div>\n<div title=\"Delete\">&nbsp;<\/div>\n<\/div>\n<\/div>\t\t\t\t\t\t\t\t<\/div>\n\t\t\t\t<\/div>\n\t\t\t\t<div class=\"elementor-element elementor-element-9d40a87 elementor-widget elementor-widget-heading\" data-id=\"9d40a87\" data-element_type=\"widget\" data-widget_type=\"heading.default\">\n\t\t\t\t<div class=\"elementor-widget-container\">\n\t\t\t\t\t<h2 class=\"elementor-heading-title elementor-size-default\">Vorstand<\/h2>\t\t\t\t<\/div>\n\t\t\t\t<\/div>\n\t\t\t\t<section class=\"elementor-section elementor-inner-section elementor-element elementor-element-8059a1b elementor-section-boxed elementor-section-height-default elementor-section-height-default\" data-id=\"8059a1b\" data-element_type=\"section\">\n\t\t\t\t\t\t<div class=\"elementor-container elementor-column-gap-no\">\n\t\t\t\t\t<div class=\"elementor-column elementor-col-25 elementor-inner-column elementor-element elementor-element-c30ee36\" data-id=\"c30ee36\" data-element_type=\"column\">\n\t\t\t<div class=\"elementor-widget-wrap elementor-element-populated\">\n\t\t\t\t\t\t<div class=\"elementor-element elementor-element-0c8c0e9 elementor-position-top elementor-widget elementor-widget-image-box\" data-id=\"0c8c0e9\" data-element_type=\"widget\" data-widget_type=\"image-box.default\">\n\t\t\t\t<div class=\"elementor-widget-container\">\n\t\t\t\t\t<div class=\"elementor-image-box-wrapper\"><figure class=\"elementor-image-box-img\"><img decoding=\"async\" src=\"https:\/\/bundesbiker.com\/wp-content\/uploads\/elementor\/thumbs\/OlafLuedtke-pykqfhock61zrk47fsbixcrgktc06l6c5qkdgpxl7k.jpg\" title=\"OlafLuedtke\" alt=\"OlafLuedtke\" loading=\"lazy\" \/><\/figure><div class=\"elementor-image-box-content\"><h5 class=\"elementor-image-box-title\">Olaf L\u00fcdtke<\/h5><p class=\"elementor-image-box-description\">1. Vorsitzender<\/p><\/div><\/div>\t\t\t\t<\/div>\n\t\t\t\t<\/div>\n\t\t\t\t\t<\/div>\n\t\t<\/div>\n\t\t\t\t<div class=\"elementor-column elementor-col-25 elementor-inner-column elementor-element elementor-element-2b6e32e\" data-id=\"2b6e32e\" data-element_type=\"column\">\n\t\t\t<div class=\"elementor-widget-wrap elementor-element-populated\">\n\t\t\t\t\t\t<div class=\"elementor-element elementor-element-e1effa6 elementor-position-top elementor-widget elementor-widget-image-box\" data-id=\"e1effa6\" data-element_type=\"widget\" data-widget_type=\"image-box.default\">\n\t\t\t\t<div class=\"elementor-widget-container\">\n\t\t\t\t\t<div class=\"elementor-image-box-wrapper\"><figure class=\"elementor-image-box-img\"><img decoding=\"async\" src=\"https:\/\/bundesbiker.com\/wp-content\/uploads\/elementor\/thumbs\/ThomasPflueger-pykqfeuqc3lyvwfobnv1xum0gbzf406coxu2mlnzeo.jpg\" title=\"ThomasPflueger\" alt=\"ThomasPflueger\" loading=\"lazy\" \/><\/figure><div class=\"elementor-image-box-content\"><h5 class=\"elementor-image-box-title\">Thomas Pfl\u00fcger<\/h5><p class=\"elementor-image-box-description\">2. Vorsitzender<\/p><\/div><\/div>\t\t\t\t<\/div>\n\t\t\t\t<\/div>\n\t\t\t\t\t<\/div>\n\t\t<\/div>\n\t\t\t\t<div class=\"elementor-column elementor-col-25 elementor-inner-column elementor-element elementor-element-6c4362d\" data-id=\"6c4362d\" data-element_type=\"column\">\n\t\t\t<div class=\"elementor-widget-wrap elementor-element-populated\">\n\t\t\t\t\t\t<div class=\"elementor-element elementor-element-a1f6515 elementor-position-top elementor-widget elementor-widget-image-box\" data-id=\"a1f6515\" data-element_type=\"widget\" data-widget_type=\"image-box.default\">\n\t\t\t\t<div class=\"elementor-widget-container\">\n\t\t\t\t\t<div class=\"elementor-image-box-wrapper\"><figure class=\"elementor-image-box-img\"><img decoding=\"async\" src=\"https:\/\/bundesbiker.com\/wp-content\/uploads\/elementor\/thumbs\/Fabianvon-Zweydorf-Portrait-pytav2k34k0p49jpbvbtlwkl4v7866mafcu4sgjlb4.png\" title=\"Fabianvon Zweydorf-Portrait\" alt=\"Fabianvon Zweydorf-Portrait\" loading=\"lazy\" \/><\/figure><div class=\"elementor-image-box-content\"><h5 class=\"elementor-image-box-title\">Fabian von Zweydorf<\/h5><p class=\"elementor-image-box-description\">Schatzmeister<\/p><\/div><\/div>\t\t\t\t<\/div>\n\t\t\t\t<\/div>\n\t\t\t\t\t<\/div>\n\t\t<\/div>\n\t\t\t\t<div class=\"elementor-column elementor-col-25 elementor-inner-column elementor-element elementor-element-c674632\" data-id=\"c674632\" data-element_type=\"column\">\n\t\t\t<div class=\"elementor-widget-wrap elementor-element-populated\">\n\t\t\t\t\t\t<div class=\"elementor-element elementor-element-1f1c73b elementor-position-top elementor-widget elementor-widget-image-box\" data-id=\"1f1c73b\" data-element_type=\"widget\" data-widget_type=\"image-box.default\">\n\t\t\t\t<div class=\"elementor-widget-container\">\n\t\t\t\t\t<div class=\"elementor-image-box-wrapper\"><figure class=\"elementor-image-box-img\"><img decoding=\"async\" src=\"https:\/\/bundesbiker.com\/wp-content\/uploads\/elementor\/thumbs\/Andreas-Meyer-4-pykqf89yntp4jghuyo998f4umymc1m50sg1inybixs.png\" title=\"Andreas Meyer-4\" alt=\"Andreas Meyer-4\" loading=\"lazy\" \/><\/figure><div class=\"elementor-image-box-content\"><h5 class=\"elementor-image-box-title\">Andreas Meyer <\/h5><p class=\"elementor-image-box-description\">Schriftf\u00fchrer<\/p><\/div><\/div>\t\t\t\t<\/div>\n\t\t\t\t<\/div>\n\t\t\t\t\t<\/div>\n\t\t<\/div>\n\t\t\t\t\t<\/div>\n\t\t<\/section>\n\t\t\t\t<section class=\"elementor-section elementor-inner-section elementor-element elementor-element-b32682c elementor-section-boxed elementor-section-height-default elementor-section-height-default\" data-id=\"b32682c\" data-element_type=\"section\">\n\t\t\t\t\t\t<div class=\"elementor-container elementor-column-gap-no\">\n\t\t\t\t\t<div class=\"elementor-column elementor-col-25 elementor-inner-column elementor-element elementor-element-fbfddd1\" data-id=\"fbfddd1\" data-element_type=\"column\">\n\t\t\t<div class=\"elementor-widget-wrap elementor-element-populated\">\n\t\t\t\t\t\t<div class=\"elementor-element elementor-element-83d7dd9 elementor-position-top elementor-widget elementor-widget-image-box\" data-id=\"83d7dd9\" data-element_type=\"widget\" data-widget_type=\"image-box.default\">\n\t\t\t\t<div class=\"elementor-widget-container\">\n\t\t\t\t\t<div class=\"elementor-image-box-wrapper\"><figure class=\"elementor-image-box-img\"><img decoding=\"async\" src=\"https:\/\/bundesbiker.com\/wp-content\/uploads\/elementor\/thumbs\/Burkhard-Foto-Vorstand-BB-pypr0h00a1epi52u9vdjwuri5utol1mcmlvaz6v2xs.jpeg\" title=\"Burkhard Foto Vorstand BB\" alt=\"Burkhard Foto Vorstand BB\" loading=\"lazy\" \/><\/figure><div class=\"elementor-image-box-content\"><h5 class=\"elementor-image-box-title\">Burkhard Alberternst<\/h5><p class=\"elementor-image-box-description\">Beisitzer<\/p><\/div><\/div>\t\t\t\t<\/div>\n\t\t\t\t<\/div>\n\t\t\t\t\t<\/div>\n\t\t<\/div>\n\t\t\t\t<div class=\"elementor-column elementor-col-25 elementor-inner-column elementor-element elementor-element-b6a13b9\" data-id=\"b6a13b9\" data-element_type=\"column\">\n\t\t\t<div class=\"elementor-widget-wrap elementor-element-populated\">\n\t\t\t\t\t\t<div class=\"elementor-element elementor-element-e2051da elementor-position-top elementor-widget elementor-widget-image-box\" data-id=\"e2051da\" data-element_type=\"widget\" data-widget_type=\"image-box.default\">\n\t\t\t\t<div class=\"elementor-widget-container\">\n\t\t\t\t\t<div class=\"elementor-image-box-wrapper\"><figure class=\"elementor-image-box-img\"><img decoding=\"async\" src=\"https:\/\/bundesbiker.com\/wp-content\/uploads\/elementor\/thumbs\/MartinGrein-pykqfim6r03a362uaaq5huix677deaa2hv7uxzw71c.jpg\" title=\"MartinGrein\" alt=\"MartinGrein\" loading=\"lazy\" \/><\/figure><div class=\"elementor-image-box-content\"><h5 class=\"elementor-image-box-title\">Martin Grein<\/h5><p class=\"elementor-image-box-description\">Beisitzer<\/p><\/div><\/div>\t\t\t\t<\/div>\n\t\t\t\t<\/div>\n\t\t\t\t\t<\/div>\n\t\t<\/div>\n\t\t\t\t<div class=\"elementor-column elementor-col-25 elementor-inner-column elementor-element elementor-element-874f9fa\" data-id=\"874f9fa\" data-element_type=\"column\">\n\t\t\t<div class=\"elementor-widget-wrap elementor-element-populated\">\n\t\t\t\t\t\t<div class=\"elementor-element elementor-element-084d52d elementor-position-top elementor-widget elementor-widget-image-box\" data-id=\"084d52d\" data-element_type=\"widget\" data-widget_type=\"image-box.default\">\n\t\t\t\t<div class=\"elementor-widget-container\">\n\t\t\t\t\t<div class=\"elementor-image-box-wrapper\"><figure class=\"elementor-image-box-img\"><img decoding=\"async\" width=\"600\" height=\"600\" src=\"https:\/\/bundesbiker.com\/wp-content\/uploads\/2022\/12\/UteVogt-600.jpeg\" class=\"attachment-large size-large wp-image-7652\" alt=\"\" srcset=\"https:\/\/bundesbiker.com\/wp-content\/uploads\/2022\/12\/UteVogt-600.jpeg 600w, https:\/\/bundesbiker.com\/wp-content\/uploads\/2022\/12\/UteVogt-600-300x300.jpeg 300w, https:\/\/bundesbiker.com\/wp-content\/uploads\/2022\/12\/UteVogt-600-150x150.jpeg 150w\" sizes=\"(max-width: 600px) 100vw, 600px\" \/><\/figure><div class=\"elementor-image-box-content\"><h5 class=\"elementor-image-box-title\">Ute Vogt<\/h5><p class=\"elementor-image-box-description\"> Beisitzerin<\/p><\/div><\/div>\t\t\t\t<\/div>\n\t\t\t\t<\/div>\n\t\t\t\t\t<\/div>\n\t\t<\/div>\n\t\t\t\t<div class=\"elementor-column elementor-col-25 elementor-inner-column elementor-element elementor-element-d8b6aea\" data-id=\"d8b6aea\" data-element_type=\"column\">\n\t\t\t<div class=\"elementor-widget-wrap\">\n\t\t\t\t\t\t\t<\/div>\n\t\t<\/div>\n\t\t\t\t\t<\/div>\n\t\t<\/section>\n\t\t\t\t\t<\/div>\n\t\t<\/div>\n\t\t\t\t\t<\/div>\n\t\t<\/section>\n\t\t\t\t<\/div>\n\t\t","protected":false},"excerpt":{"rendered":"<p>Willkommen bei der Motorsportgruppe des Bundes e.V. \u00dcber uns Gr\u00fcndungsmitglieder\u00a0von links nach rechts:Dr. Jens Thau, Burkhard Alberternst, Olaf L\u00fcdtke, Thomas Pfl\u00fcger, Dr. Hans-Joachim Stelzl, Martin Grein, Frank Radloff Herzlich Willkommen bei den&nbsp;Bundesbikern &#8211; Motorsportgruppe des Bundes e.V. Wir sind nicht nur Mitarbeiterinnen und Mitarbeiter, Beamtinnen und Beamte aus den verschiedensten Bereichen und Ebenen des Regierungsapperates&nbsp;des [&hellip;]<\/p>\n","protected":false},"author":1,"featured_media":0,"parent":0,"menu_order":0,"comment_status":"closed","ping_status":"closed","template":"","meta":{"site-sidebar-layout":"no-sidebar","site-content-layout":"page-builder","ast-site-content-layout":"default","site-content-style":"default","site-sidebar-style":"default","ast-global-header-display":"","ast-banner-title-visibility":"","ast-main-header-display":"","ast-hfb-above-header-display":"","ast-hfb-below-header-display":"","ast-hfb-mobile-header-display":"","site-post-title":"disabled","ast-breadcrumbs-content":"","ast-featured-img":"disabled","footer-sml-layout":"","ast-disable-related-posts":"","theme-transparent-header-meta":"enabled","adv-header-id-meta":"","stick-header-meta":"","header-above-stick-meta":"","header-main-stick-meta":"","header-below-stick-meta":"","astra-migrate-meta-layouts":"default","ast-page-background-enabled":"default","ast-page-background-meta":{"desktop":{"background-color":"","background-image":"","background-repeat":"repeat","background-position":"center center","background-size":"auto","background-attachment":"scroll","background-type":"","background-media":"","overlay-type":"","overlay-color":"","overlay-opacity":"","overlay-gradient":""},"tablet":{"background-color":"","background-image":"","background-repeat":"repeat","background-position":"center center","background-size":"auto","background-attachment":"scroll","background-type":"","background-media":"","overlay-type":"","overlay-color":"","overlay-opacity":"","overlay-gradient":""},"mobile":{"background-color":"","background-image":"","background-repeat":"repeat","background-position":"center center","background-size":"auto","background-attachment":"scroll","background-type":"","background-media":"","overlay-type":"","overlay-color":"","overlay-opacity":"","overlay-gradient":""}},"ast-content-background-meta":{"desktop":{"background-color":"var(--ast-global-color-5)","background-image":"","background-repeat":"repeat","background-position":"center center","background-size":"auto","background-attachment":"scroll","background-type":"","background-media":"","overlay-type":"","overlay-color":"","overlay-opacity":"","overlay-gradient":""},"tablet":{"background-color":"var(--ast-global-color-5)","background-image":"","background-repeat":"repeat","background-position":"center center","background-size":"auto","background-attachment":"scroll","background-type":"","background-media":"","overlay-type":"","overlay-color":"","overlay-opacity":"","overlay-gradient":""},"mobile":{"background-color":"var(--ast-global-color-5)","background-image":"","background-repeat":"repeat","background-position":"center center","background-size":"auto","background-attachment":"scroll","background-type":"","background-media":"","overlay-type":"","overlay-color":"","overlay-opacity":"","overlay-gradient":""}},"footnotes":""},"folder":[],"class_list":["post-1473","page","type-page","status-publish","hentry"],"_links":{"self":[{"href":"https:\/\/bundesbiker.com\/index.php?rest_route=\/wp\/v2\/pages\/1473","targetHints":{"allow":["GET"]}}],"collection":[{"href":"https:\/\/bundesbiker.com\/index.php?rest_route=\/wp\/v2\/pages"}],"about":[{"href":"https:\/\/bundesbiker.com\/index.php?rest_route=\/wp\/v2\/types\/page"}],"author":[{"embeddable":true,"href":"https:\/\/bundesbiker.com\/index.php?rest_route=\/wp\/v2\/users\/1"}],"replies":[{"embeddable":true,"href":"https:\/\/bundesbiker.com\/index.php?rest_route=%2Fwp%2Fv2%2Fcomments&post=1473"}],"version-history":[{"count":163,"href":"https:\/\/bundesbiker.com\/index.php?rest_route=\/wp\/v2\/pages\/1473\/revisions"}],"predecessor-version":[{"id":7774,"href":"https:\/\/bundesbiker.com\/index.php?rest_route=\/wp\/v2\/pages\/1473\/revisions\/7774"}],"wp:attachment":[{"href":"https:\/\/bundesbiker.com\/index.php?rest_route=%2Fwp%2Fv2%2Fmedia&parent=1473"}],"wp:term":[{"taxonomy":"folder","embeddable":true,"href":"https:\/\/bundesbiker.com\/index.php?rest_route=%2Fwp%2Fv2%2Ffolder&post=1473"}],"curies":[{"name":"wp","href":"https:\/\/api.w.org\/{rel}","templated":true}]}}